{"id":76,"date":"2020-08-10T15:20:04","date_gmt":"2020-08-10T13:20:04","guid":{"rendered":"http:\/\/www.glas-savel.at\/wordpress\/?page_id=76"},"modified":"2020-11-09T16:39:30","modified_gmt":"2020-11-09T15:39:30","slug":"glasdaecher","status":"publish","type":"page","link":"http:\/\/www.glas-savel.at\/?page_id=76","title":{"rendered":"Glasd\u00e4cher"},"content":{"rendered":"\t\t<div data-elementor-type=\"wp-page\" data-elementor-id=\"76\" class=\"elementor elementor-76\">\n\t\t\t\t\t\t\t\t\t<section class=\"elementor-section elementor-top-section elementor-element elementor-element-b97f10a elementor-section-boxed elementor-section-height-default elementor-section-height-default\" data-id=\"b97f10a\" data-element_type=\"section\">\n\t\t\t\t\t\t<div class=\"elementor-container elementor-column-gap-default\">\n\t\t\t\t\t<div class=\"elementor-column elementor-col-50 elementor-top-column elementor-element elementor-element-3bb1510\" data-id=\"3bb1510\" data-element_type=\"column\">\n\t\t\t<div class=\"elementor-widget-wrap elementor-element-populated\">\n\t\t\t\t\t\t\t\t<div class=\"elementor-element elementor-element-a331ba2 elementor-widget elementor-widget-text-editor\" data-id=\"a331ba2\" data-element_type=\"widget\" data-widget_type=\"text-editor.default\">\n\t\t\t\t<div class=\"elementor-widget-container\">\n\t\t\t\t\t\t\t<p><strong>Ein freundlicher Empfang bei jedem Wetter!<\/strong><\/p><p>Bedacht mit Glas- und Edelstahl- Tr\u00e4gersystemen und Beschlagsformen aus hochwertigem Edelstahl erlauben es, den Eingangsbereich elegant, individuell und funktional zu gestallten.<br \/>Dies gilt sowohl f\u00fcr den Gesch\u00e4ftseingang als auch im privaten Bereich. Dabei f\u00fcgt sich die zeitlos stilvolle Optik eines gl\u00e4sernes Vordaches in jeden Baustil ein.<\/p><p>Es gibt viele M\u00f6glichkeiten zu entdecken. Fragen Sie uns, wir beraten Sie gerne!<\/p>\t\t\t\t\t\t<\/div>\n\t\t\t\t<\/div>\n\t\t\t\t\t<\/div>\n\t\t<\/div>\n\t\t\t\t<div class=\"elementor-column elementor-col-50 elementor-top-column elementor-element elementor-element-5835ee7\" data-id=\"5835ee7\" data-element_type=\"column\">\n\t\t\t<div class=\"elementor-widget-wrap elementor-element-populated\">\n\t\t\t\t\t\t\t\t<div class=\"elementor-element elementor-element-8a15a54 elementor-widget elementor-widget-image\" data-id=\"8a15a54\" data-element_type=\"widget\" data-widget_type=\"image.default\">\n\t\t\t\t<div class=\"elementor-widget-container\">\n\t\t\t\t\t\t\t\t\t\t\t\t\t\t\t<img fetchpriority=\"high\" decoding=\"async\" width=\"269\" height=\"350\" src=\"http:\/\/www.glas-savel.at\/wp-content\/uploads\/2020\/08\/glasdaecher.jpg\" class=\"attachment-full size-full wp-image-30\" alt=\"Glasd\u00e4cher | Glas Savel\" srcset=\"http:\/\/www.glas-savel.at\/wp-content\/uploads\/2020\/08\/glasdaecher.jpg 269w, http:\/\/www.glas-savel.at\/wp-content\/uploads\/2020\/08\/glasdaecher-231x300.jpg 231w\" sizes=\"(max-width: 269px) 100vw, 269px\" \/>\t\t\t\t\t\t\t\t\t\t\t\t\t\t\t<\/div>\n\t\t\t\t<\/div>\n\t\t\t\t\t<\/div>\n\t\t<\/div>\n\t\t\t\t\t\t\t<\/div>\n\t\t<\/section>\n\t\t\t\t\t\t\t<\/div>\n\t\t","protected":false},"excerpt":{"rendered":"<p>Ein freundlicher Empfang bei jedem Wetter! Bedacht mit Glas- und Edelstahl- Tr\u00e4gersystemen und Beschlagsformen aus hochwertigem Edelstahl erlauben es, den Eingangsbereich elegant, individuell und funktional zu<span class=\"excerpt-hellip\"> [\u2026]<\/span><\/p>\n","protected":false},"author":1,"featured_media":30,"parent":22,"menu_order":0,"comment_status":"closed","ping_status":"closed","template":"","meta":{"footnotes":""},"_links":{"self":[{"href":"http:\/\/www.glas-savel.at\/index.php?rest_route=\/wp\/v2\/pages\/76"}],"collection":[{"href":"http:\/\/www.glas-savel.at\/index.php?rest_route=\/wp\/v2\/pages"}],"about":[{"href":"http:\/\/www.glas-savel.at\/index.php?rest_route=\/wp\/v2\/types\/page"}],"author":[{"embeddable":true,"href":"http:\/\/www.glas-savel.at\/index.php?rest_route=\/wp\/v2\/users\/1"}],"replies":[{"embeddable":true,"href":"http:\/\/www.glas-savel.at\/index.php?rest_route=%2Fwp%2Fv2%2Fcomments&post=76"}],"version-history":[{"count":10,"href":"http:\/\/www.glas-savel.at\/index.php?rest_route=\/wp\/v2\/pages\/76\/revisions"}],"predecessor-version":[{"id":246,"href":"http:\/\/www.glas-savel.at\/index.php?rest_route=\/wp\/v2\/pages\/76\/revisions\/246"}],"up":[{"embeddable":true,"href":"http:\/\/www.glas-savel.at\/index.php?rest_route=\/wp\/v2\/pages\/22"}],"wp:featuredmedia":[{"embeddable":true,"href":"http:\/\/www.glas-savel.at\/index.php?rest_route=\/wp\/v2\/media\/30"}],"wp:attachment":[{"href":"http:\/\/www.glas-savel.at\/index.php?rest_route=%2Fwp%2Fv2%2Fmedia&parent=76"}],"curies":[{"name":"wp","href":"https:\/\/api.w.org\/{rel}","templated":true}]}}