{"id":65,"date":"2020-08-10T15:01:36","date_gmt":"2020-08-10T13:01:36","guid":{"rendered":"http:\/\/www.glas-savel.at\/wordpress\/?page_id=65"},"modified":"2021-02-24T10:30:58","modified_gmt":"2021-02-24T09:30:58","slug":"duschverglasungen","status":"publish","type":"page","link":"http:\/\/www.glas-savel.at\/?page_id=65","title":{"rendered":"Duschverglasungen"},"content":{"rendered":"\t\t<div data-elementor-type=\"wp-page\" data-elementor-id=\"65\" class=\"elementor elementor-65\">\n\t\t\t\t\t\t\t\t\t<section class=\"elementor-section elementor-top-section elementor-element elementor-element-268f140 elementor-section-boxed elementor-section-height-default elementor-section-height-default\" data-id=\"268f140\" data-element_type=\"section\">\n\t\t\t\t\t\t<div class=\"elementor-container elementor-column-gap-default\">\n\t\t\t\t\t<div class=\"elementor-column elementor-col-50 elementor-top-column elementor-element elementor-element-1e41263\" data-id=\"1e41263\" data-element_type=\"column\">\n\t\t\t<div class=\"elementor-widget-wrap elementor-element-populated\">\n\t\t\t\t\t\t\t\t<div class=\"elementor-element elementor-element-adf8324 elementor-widget elementor-widget-text-editor\" data-id=\"adf8324\" data-element_type=\"widget\" data-widget_type=\"text-editor.default\">\n\t\t\t\t<div class=\"elementor-widget-container\">\n\t\t\t\t\t\t\t<p>Duschverglasungen werden von uns individuell nach Ma\u00df angefertigt. In den verschiedensten Variationen (Glast\u00f6nungen, Motive, Folienverklebung) und f\u00fcr alle baulichen Herausfoderungen und pers\u00f6nlichen W\u00fcnschen k\u00f6nnen wir die passende L\u00f6sung f\u00fcr Sie bereitstellen.<br data-rich-text-line-break=\"true\" \/>Die Oberfl\u00e4che kann auf Wunsch beschichtet werden, um dem Glas wasserabweisende Eigenschaften zu verleihen. Somit ist es pflegeleicht und einfacher zu reinigen .<\/p>\t\t\t\t\t\t<\/div>\n\t\t\t\t<\/div>\n\t\t\t\t\t<\/div>\n\t\t<\/div>\n\t\t\t\t<div class=\"elementor-column elementor-col-50 elementor-top-column elementor-element elementor-element-f0eeaf2\" data-id=\"f0eeaf2\" data-element_type=\"column\">\n\t\t\t<div class=\"elementor-widget-wrap elementor-element-populated\">\n\t\t\t\t\t\t\t\t<div class=\"elementor-element elementor-element-88c5b94 elementor-widget elementor-widget-image\" data-id=\"88c5b94\" data-element_type=\"widget\" data-widget_type=\"image.default\">\n\t\t\t\t<div class=\"elementor-widget-container\">\n\t\t\t\t\t\t\t\t\t\t\t\t\t\t\t<img fetchpriority=\"high\" decoding=\"async\" width=\"248\" height=\"350\" src=\"http:\/\/www.glas-savel.at\/wp-content\/uploads\/2020\/08\/duschverglasungen.jpg\" class=\"attachment-full size-full wp-image-28\" alt=\"Duschverglasungen | Glas Savel\" srcset=\"http:\/\/www.glas-savel.at\/wp-content\/uploads\/2020\/08\/duschverglasungen.jpg 248w, http:\/\/www.glas-savel.at\/wp-content\/uploads\/2020\/08\/duschverglasungen-213x300.jpg 213w\" sizes=\"(max-width: 248px) 100vw, 248px\" \/>\t\t\t\t\t\t\t\t\t\t\t\t\t\t\t<\/div>\n\t\t\t\t<\/div>\n\t\t\t\t\t<\/div>\n\t\t<\/div>\n\t\t\t\t\t\t\t<\/div>\n\t\t<\/section>\n\t\t\t\t\t\t\t<\/div>\n\t\t","protected":false},"excerpt":{"rendered":"<p>Duschverglasungen werden von uns individuell nach Ma\u00df angefertigt. In den verschiedensten Variationen (Glast\u00f6nungen, Motive, Folienverklebung) und f\u00fcr alle baulichen Herausfoderungen und pers\u00f6nlichen W\u00fcnschen k\u00f6nnen wir die<span class=\"excerpt-hellip\"> [\u2026]<\/span><\/p>\n","protected":false},"author":1,"featured_media":28,"parent":22,"menu_order":0,"comment_status":"closed","ping_status":"closed","template":"","meta":{"footnotes":""},"_links":{"self":[{"href":"http:\/\/www.glas-savel.at\/index.php?rest_route=\/wp\/v2\/pages\/65"}],"collection":[{"href":"http:\/\/www.glas-savel.at\/index.php?rest_route=\/wp\/v2\/pages"}],"about":[{"href":"http:\/\/www.glas-savel.at\/index.php?rest_route=\/wp\/v2\/types\/page"}],"author":[{"embeddable":true,"href":"http:\/\/www.glas-savel.at\/index.php?rest_route=\/wp\/v2\/users\/1"}],"replies":[{"embeddable":true,"href":"http:\/\/www.glas-savel.at\/index.php?rest_route=%2Fwp%2Fv2%2Fcomments&post=65"}],"version-history":[{"count":7,"href":"http:\/\/www.glas-savel.at\/index.php?rest_route=\/wp\/v2\/pages\/65\/revisions"}],"predecessor-version":[{"id":237,"href":"http:\/\/www.glas-savel.at\/index.php?rest_route=\/wp\/v2\/pages\/65\/revisions\/237"}],"up":[{"embeddable":true,"href":"http:\/\/www.glas-savel.at\/index.php?rest_route=\/wp\/v2\/pages\/22"}],"wp:featuredmedia":[{"embeddable":true,"href":"http:\/\/www.glas-savel.at\/index.php?rest_route=\/wp\/v2\/media\/28"}],"wp:attachment":[{"href":"http:\/\/www.glas-savel.at\/index.php?rest_route=%2Fwp%2Fv2%2Fmedia&parent=65"}],"curies":[{"name":"wp","href":"https:\/\/api.w.org\/{rel}","templated":true}]}}