{"id":62,"date":"2020-08-10T15:01:15","date_gmt":"2020-08-10T13:01:15","guid":{"rendered":"http:\/\/www.glas-savel.at\/wordpress\/?page_id=62"},"modified":"2020-11-09T16:24:09","modified_gmt":"2020-11-09T15:24:09","slug":"ganzglasanlagen","status":"publish","type":"page","link":"http:\/\/www.glas-savel.at\/?page_id=62","title":{"rendered":"Ganzglasanlagen"},"content":{"rendered":"\t\t<div data-elementor-type=\"wp-page\" data-elementor-id=\"62\" class=\"elementor elementor-62\">\n\t\t\t\t\t\t\t\t\t<section class=\"elementor-section elementor-top-section elementor-element elementor-element-3bd5dde elementor-section-boxed elementor-section-height-default elementor-section-height-default\" data-id=\"3bd5dde\" data-element_type=\"section\">\n\t\t\t\t\t\t<div class=\"elementor-container elementor-column-gap-default\">\n\t\t\t\t\t<div class=\"elementor-column elementor-col-50 elementor-top-column elementor-element elementor-element-bc75657\" data-id=\"bc75657\" data-element_type=\"column\">\n\t\t\t<div class=\"elementor-widget-wrap elementor-element-populated\">\n\t\t\t\t\t\t\t\t<div class=\"elementor-element elementor-element-0298438 elementor-widget elementor-widget-text-editor\" data-id=\"0298438\" data-element_type=\"widget\" data-widget_type=\"text-editor.default\">\n\t\t\t\t<div class=\"elementor-widget-container\">\n\t\t\t\t\t\t\t<p><strong data-rich-text-format-boundary=\"true\">Mehr als Sie erwarten<\/strong> <br data-rich-text-line-break=\"true\" \/><br data-rich-text-line-break=\"true\" \/>Glas als Gestaltungselement f\u00fcr T\u00fcren mit umfangreichen Motiven wie Rillenschliffe und Sandstahltechnik.<br data-rich-text-line-break=\"true\" \/>Wir bieten individuelle T\u00fcrl\u00f6sungen, dezent, modern, verspielt oder markant- die Auswahl ist gro\u00df.<br data-rich-text-line-break=\"true\" \/>Sie haben die Wahl. Ob in der Privatwohnung oder im gesch\u00e4ftlichen Bereich sorgt Glas f\u00fcr repr\u00e4sentative Durchg\u00e4nge mit Durchblick. Glast\u00fcren wirken raumbildend und raumaufhellend. Selbstverst\u00e4ndlich wird bei allen Ganzglast\u00fcren ausschlie\u00dflich hochwertiges Sicherheitsglas ( ESG) verwendet.<\/p>\t\t\t\t\t\t<\/div>\n\t\t\t\t<\/div>\n\t\t\t\t\t<\/div>\n\t\t<\/div>\n\t\t\t\t<div class=\"elementor-column elementor-col-50 elementor-top-column elementor-element elementor-element-7ab2ae2\" data-id=\"7ab2ae2\" data-element_type=\"column\">\n\t\t\t<div class=\"elementor-widget-wrap elementor-element-populated\">\n\t\t\t\t\t\t\t\t<div class=\"elementor-element elementor-element-7b0a41a elementor-widget elementor-widget-image\" data-id=\"7b0a41a\" data-element_type=\"widget\" data-widget_type=\"image.default\">\n\t\t\t\t<div class=\"elementor-widget-container\">\n\t\t\t\t\t\t\t\t\t\t\t\t\t\t\t<img fetchpriority=\"high\" decoding=\"async\" width=\"350\" height=\"234\" src=\"http:\/\/www.glas-savel.at\/wp-content\/uploads\/2020\/08\/ganzglas.jpg\" class=\"attachment-full size-full wp-image-29\" alt=\"Ganzglasanlagen | Glas Savel\" srcset=\"http:\/\/www.glas-savel.at\/wp-content\/uploads\/2020\/08\/ganzglas.jpg 350w, http:\/\/www.glas-savel.at\/wp-content\/uploads\/2020\/08\/ganzglas-300x201.jpg 300w\" sizes=\"(max-width: 350px) 100vw, 350px\" \/>\t\t\t\t\t\t\t\t\t\t\t\t\t\t\t<\/div>\n\t\t\t\t<\/div>\n\t\t\t\t\t<\/div>\n\t\t<\/div>\n\t\t\t\t\t\t\t<\/div>\n\t\t<\/section>\n\t\t\t\t\t\t\t<\/div>\n\t\t","protected":false},"excerpt":{"rendered":"<p>Mehr als Sie erwarten Glas als Gestaltungselement f\u00fcr T\u00fcren mit umfangreichen Motiven wie Rillenschliffe und Sandstahltechnik.Wir bieten individuelle T\u00fcrl\u00f6sungen, dezent, modern, verspielt oder markant- die Auswahl<span class=\"excerpt-hellip\"> [\u2026]<\/span><\/p>\n","protected":false},"author":1,"featured_media":29,"parent":22,"menu_order":0,"comment_status":"closed","ping_status":"closed","template":"","meta":{"footnotes":""},"_links":{"self":[{"href":"http:\/\/www.glas-savel.at\/index.php?rest_route=\/wp\/v2\/pages\/62"}],"collection":[{"href":"http:\/\/www.glas-savel.at\/index.php?rest_route=\/wp\/v2\/pages"}],"about":[{"href":"http:\/\/www.glas-savel.at\/index.php?rest_route=\/wp\/v2\/types\/page"}],"author":[{"embeddable":true,"href":"http:\/\/www.glas-savel.at\/index.php?rest_route=\/wp\/v2\/users\/1"}],"replies":[{"embeddable":true,"href":"http:\/\/www.glas-savel.at\/index.php?rest_route=%2Fwp%2Fv2%2Fcomments&post=62"}],"version-history":[{"count":9,"href":"http:\/\/www.glas-savel.at\/index.php?rest_route=\/wp\/v2\/pages\/62\/revisions"}],"predecessor-version":[{"id":235,"href":"http:\/\/www.glas-savel.at\/index.php?rest_route=\/wp\/v2\/pages\/62\/revisions\/235"}],"up":[{"embeddable":true,"href":"http:\/\/www.glas-savel.at\/index.php?rest_route=\/wp\/v2\/pages\/22"}],"wp:featuredmedia":[{"embeddable":true,"href":"http:\/\/www.glas-savel.at\/index.php?rest_route=\/wp\/v2\/media\/29"}],"wp:attachment":[{"href":"http:\/\/www.glas-savel.at\/index.php?rest_route=%2Fwp%2Fv2%2Fmedia&parent=62"}],"curies":[{"name":"wp","href":"https:\/\/api.w.org\/{rel}","templated":true}]}}