{"id":35,"date":"2020-08-10T12:54:08","date_gmt":"2020-08-10T10:54:08","guid":{"rendered":"http:\/\/www.glas-savel.at\/wordpress\/?page_id=35"},"modified":"2020-09-14T11:21:41","modified_gmt":"2020-09-14T09:21:41","slug":"notfalldienst","status":"publish","type":"page","link":"http:\/\/www.glas-savel.at\/?page_id=35","title":{"rendered":"Notfalldienst"},"content":{"rendered":"\t\t<div data-elementor-type=\"wp-page\" data-elementor-id=\"35\" class=\"elementor elementor-35\">\n\t\t\t\t\t\t\t\t\t<section class=\"elementor-section elementor-top-section elementor-element elementor-element-61696440 elementor-section-boxed elementor-section-height-default elementor-section-height-default\" data-id=\"61696440\" data-element_type=\"section\">\n\t\t\t\t\t\t<div class=\"elementor-container elementor-column-gap-default\">\n\t\t\t\t\t<div class=\"elementor-column elementor-col-100 elementor-top-column elementor-element elementor-element-596f5755\" data-id=\"596f5755\" data-element_type=\"column\">\n\t\t\t<div class=\"elementor-widget-wrap elementor-element-populated\">\n\t\t\t\t\t\t\t\t<div class=\"elementor-element elementor-element-61649395 elementor-widget elementor-widget-text-editor\" data-id=\"61649395\" data-element_type=\"widget\" data-widget_type=\"text-editor.default\">\n\t\t\t\t<div class=\"elementor-widget-container\">\n\t\t\t\t\t\t\t<p><!-- wp:heading {\"level\":3} --><\/p>\n<h3>Sie rufen an &#8211; wir helfen Ihnen. Sofort!<\/h3>\n<p><!-- \/wp:heading --><\/p>\n<p><!-- wp:paragraph --><\/p>\n<p>Wir beraten Sie, welche L\u00f6sungen zur Glasreparatur, Notverglasung (Provisorium) oder Absicherung mit Folie m\u00f6glich sind.<\/p>\n<p><!-- \/wp:paragraph --><\/p>\n<p><!-- wp:paragraph --><\/p>\n<p>Au\u00dferhalb der \u00d6ffnungszeiten erhalten Sie per Bandansage unter 0732 \/ 651279 unsere Notfallnummer.<br \/>Im Schadfall erstellen wir Ihnen unverz\u00fcglich Notverglasungen oder Absicherungen mit Folien.<\/p>\n<p><!-- \/wp:paragraph --><\/p>\n<p><!-- wp:heading {\"level\":3} --><\/p>\n<h3>Versicherung<\/h3>\n<p><!-- \/wp:heading --><\/p>\n<p><!-- wp:paragraph --><\/p>\n<p>Bei Glasbruch bieten wir schnelles und unkompliziertes Service. Wir verrechnen selbstverst\u00e4ndlich direkt mit Ihrer Versicherung!<br \/>Unsere verl\u00e4sslichen Partner in Sachen Versicherung:<\/p>\n<p><!-- \/wp:paragraph --><\/p>\n<p><!-- wp:table {\"hasFixedLayout\":true,\"align\":\"center\"} --><\/p>\n<figure class=\"wp-block-table aligncenter\">\n<table class=\"has-fixed-layout\">\n<tbody>\n<tr>\n<td><img decoding=\"async\" width=\"150\" height=\"56\" class=\"wp-image-39\" style=\"width: 150px;\" src=\"http:\/\/www.glas-savel.at\/wp-content\/uploads\/2020\/08\/zurich.gif\" alt=\"\" \/><\/td>\n<td><img decoding=\"async\" width=\"150\" height=\"50\" class=\"wp-image-38\" style=\"width: 150px;\" src=\"http:\/\/www.glas-savel.at\/wp-content\/uploads\/2020\/08\/uniqua.jpg\" alt=\"\" \/><\/td>\n<\/tr>\n<tr>\n<td><img decoding=\"async\" width=\"150\" height=\"42\" class=\"wp-image-37\" style=\"width: 150px;\" src=\"http:\/\/www.glas-savel.at\/wp-content\/uploads\/2020\/08\/helvetia150rand.gif\" alt=\"\" \/><\/td>\n<td><img loading=\"lazy\" decoding=\"async\" width=\"150\" height=\"48\" class=\"wp-image-36\" style=\"width: 150px;\" src=\"http:\/\/www.glas-savel.at\/wp-content\/uploads\/2020\/08\/generali.gif\" alt=\"\" \/><\/td>\n<\/tr>\n<tr>\n<td><img decoding=\"async\" class=\"wp-image-36\" style=\"width: 150px;\" src=\"http:\/\/www.glas-savel.at\/wp-content\/uploads\/2020\/08\/muki.jpg\" alt=\"\" \/><\/td>\n<td><img decoding=\"async\" class=\"wp-image-36\" style=\"width: 150px;\" src=\"http:\/\/www.glas-savel.at\/wp-content\/uploads\/2020\/08\/Allianz.jpg\" alt=\"\" \/><\/td>\n<\/tr>\n<tr>\n<td><img decoding=\"async\" class=\"wp-image-36\" style=\"width: 150px;\" src=\"http:\/\/www.glas-savel.at\/wp-content\/uploads\/2020\/08\/Ober\u00f6sterreichische.jpg\" alt=\"\" \/><\/td>\n<\/tr>\n<\/tbody>\n<\/table>\n<\/figure>\n<p><!-- \/wp:table --><\/p>\n<p><!-- wp:paragraph --><\/p>\n<p>&nbsp;<\/p>\n<p><!-- \/wp:paragraph --><\/p>\t\t\t\t\t\t<\/div>\n\t\t\t\t<\/div>\n\t\t\t\t\t<\/div>\n\t\t<\/div>\n\t\t\t\t\t\t\t<\/div>\n\t\t<\/section>\n\t\t\t\t\t\t\t<\/div>\n\t\t","protected":false},"excerpt":{"rendered":"<p>Sie rufen an &#8211; wir helfen Ihnen. Sofort! Wir beraten Sie, welche L\u00f6sungen zur Glasreparatur, Notverglasung (Provisorium) oder Absicherung mit Folie m\u00f6glich sind. Au\u00dferhalb der \u00d6ffnungszeiten<span class=\"excerpt-hellip\"> [\u2026]<\/span><\/p>\n","protected":false},"author":1,"featured_media":0,"parent":0,"menu_order":0,"comment_status":"closed","ping_status":"closed","template":"","meta":{"footnotes":""},"_links":{"self":[{"href":"http:\/\/www.glas-savel.at\/index.php?rest_route=\/wp\/v2\/pages\/35"}],"collection":[{"href":"http:\/\/www.glas-savel.at\/index.php?rest_route=\/wp\/v2\/pages"}],"about":[{"href":"http:\/\/www.glas-savel.at\/index.php?rest_route=\/wp\/v2\/types\/page"}],"author":[{"embeddable":true,"href":"http:\/\/www.glas-savel.at\/index.php?rest_route=\/wp\/v2\/users\/1"}],"replies":[{"embeddable":true,"href":"http:\/\/www.glas-savel.at\/index.php?rest_route=%2Fwp%2Fv2%2Fcomments&post=35"}],"version-history":[{"count":6,"href":"http:\/\/www.glas-savel.at\/index.php?rest_route=\/wp\/v2\/pages\/35\/revisions"}],"predecessor-version":[{"id":232,"href":"http:\/\/www.glas-savel.at\/index.php?rest_route=\/wp\/v2\/pages\/35\/revisions\/232"}],"wp:attachment":[{"href":"http:\/\/www.glas-savel.at\/index.php?rest_route=%2Fwp%2Fv2%2Fmedia&parent=35"}],"curies":[{"name":"wp","href":"https:\/\/api.w.org\/{rel}","templated":true}]}}